{"id":4781,"date":"2015-01-12T16:13:31","date_gmt":"2015-01-12T16:13:31","guid":{"rendered":"http:\/\/messarafoods.com\/fr\/our-products\/"},"modified":"2023-11-17T22:25:58","modified_gmt":"2023-11-17T22:25:58","slug":"nos-produits","status":"publish","type":"page","link":"https:\/\/messarafoods.com\/fr\/nos-produits\/","title":{"rendered":"Nos Produits"},"content":{"rendered":"<div class=\"wpb-content-wrapper\"><p>[vc_row css=\u00a0\u00bb.vc_custom_1449678039530{margin-top: 85px !important;}\u00a0\u00bb][vc_column width=\u00a0\u00bb1\/2&Prime;][vc_single_image image=\u00a0\u00bb4872&Prime; img_size=\u00a0\u00bb625&#215;424&Prime; alignment=\u00a0\u00bbcenter\u00a0\u00bb css_animation=\u00a0\u00bbtop-to-bottom\u00a0\u00bb label=\u00a0\u00bb\u00a0\u00bb][\/vc_column][vc_column width=\u00a0\u00bb1\/2&Prime;][vc_column_text css_animation=\u00a0\u00bbtop-to-bottom\u00a0\u00bb]<\/p>\n<h2>Qualit\u00e9 exceptionnelle<\/h2>\n<p>Les aliments Messara offre uniquement des produits de qualit\u00e9 traditionnelle des r\u00e9gions plus recherch\u00e9es de la Gr\u00e8ce. La liste inclut les olives d\u00e9licieuses de Kalamata, les l\u00e9gumes marin\u00e9s de Mac\u00e9doine, le miel des Plaines de Messara\u2009; nous avons s\u00e9lectionn\u00e9 que les meilleurs produits disponibles.[\/vc_column_text][\/vc_column][\/vc_row]<\/p>\n<\/div>","protected":false},"excerpt":{"rendered":"<p>[vc_row css=\u00a0\u00bb.vc_custom_1449678039530{margin-top: 85px !important;}\u00a0\u00bb][vc_column width=\u00a0\u00bb1\/2&Prime;][vc_single_image image=\u00a0\u00bb4872&Prime; img_size=\u00a0\u00bb625&#215;424&Prime; alignment=\u00a0\u00bbcenter\u00a0\u00bb css_animation=\u00a0\u00bbtop-to-bottom\u00a0\u00bb label=\u00a0\u00bb\u00a0\u00bb][\/vc_column][vc_column width=\u00a0\u00bb1\/2&Prime;][vc_column_text css_animation=\u00a0\u00bbtop-to-bottom\u00a0\u00bb] Qualit\u00e9 exceptionnelle Les aliments Messara offre uniquement des produits de qualit\u00e9 traditionnelle des r\u00e9gions plus recherch\u00e9es de la Gr\u00e8ce. La liste inclut les olives d\u00e9licieuses de Kalamata, les l\u00e9gumes marin\u00e9s de Mac\u00e9doine, le miel des Plaines de Messara\u2009; nous avons s\u00e9lectionn\u00e9 que les [&hellip;]<\/p>\n","protected":false},"author":1,"featured_media":0,"parent":0,"menu_order":0,"comment_status":"closed","ping_status":"open","template":"","meta":{"footnotes":""},"_links":{"self":[{"href":"https:\/\/messarafoods.com\/fr\/wp-json\/wp\/v2\/pages\/4781"}],"collection":[{"href":"https:\/\/messarafoods.com\/fr\/wp-json\/wp\/v2\/pages"}],"about":[{"href":"https:\/\/messarafoods.com\/fr\/wp-json\/wp\/v2\/types\/page"}],"author":[{"embeddable":true,"href":"https:\/\/messarafoods.com\/fr\/wp-json\/wp\/v2\/users\/1"}],"replies":[{"embeddable":true,"href":"https:\/\/messarafoods.com\/fr\/wp-json\/wp\/v2\/comments?post=4781"}],"version-history":[{"count":10,"href":"https:\/\/messarafoods.com\/fr\/wp-json\/wp\/v2\/pages\/4781\/revisions"}],"predecessor-version":[{"id":5908,"href":"https:\/\/messarafoods.com\/fr\/wp-json\/wp\/v2\/pages\/4781\/revisions\/5908"}],"wp:attachment":[{"href":"https:\/\/messarafoods.com\/fr\/wp-json\/wp\/v2\/media?parent=4781"}],"curies":[{"name":"wp","href":"https:\/\/api.w.org\/{rel}","templated":true}]}}